{"id":4167,"date":"2026-03-01T21:08:12","date_gmt":"2026-03-01T20:08:12","guid":{"rendered":"https:\/\/mosaik-holzendorf.de\/?page_id=4167"},"modified":"2026-03-01T21:08:12","modified_gmt":"2026-03-01T20:08:12","slug":"fit4future-kids-wir-machen-kinder-fit-fuer-die-zukunft","status":"publish","type":"page","link":"https:\/\/mosaik-holzendorf.de\/index.php\/fit4future-kids-wir-machen-kinder-fit-fuer-die-zukunft\/","title":{"rendered":"fit4future Kids \u2013 wir machen Kinder fit f\u00fcr die Zukunft"},"content":{"rendered":"<p><strong>fit4future Kids \u2013 wir machen Kinder fit f\u00fcr die Zukunft<\/strong><\/p>\n<p>Die DAK-Gesundheit hat mit ihrem Programm \u201efit4future Kids\u201c ein innovatives Konzept zur Gesundheitsf\u00f6rderung in Schulen ins Leben gerufen. In diesem Jahr hat unsere Schule den\u00a0Zuschlag f\u00fcr die Umsetzung des Programms erhalten. Das Programm hilft dabei, Gesundheitsf\u00f6rderung in der Schule dauerhaft umzusetzen und einen gesunden Lebensraum f\u00fcr die Kinder zu schaffen. Es geht dabei um die folgenden vier Themenfelder: Psychische Gesundheit, Bewegung, Ern\u00e4hrung und Suchtpr\u00e4vention.\u00a0Was passiert bei fit4future Kids? Das Team \u201eGesunde Schule\u201c lernt, wie der fit4future-Prozess funktioniert. Sie k\u00f6nnen so die Themen, die f\u00fcr die Gesundheit wichtig sind, im Schulalltag verankern.\u00a0Durch die Verankerung wird das Wohlbefinden der Sch\u00fclerinnen und\u00a0Sch\u00fcler gesteigert und eine gesunde Lebensweise gef\u00f6rdert, die \u00fcber die Schulzeit hinaus\u00a0Wirkung zeigt. Die DAK zeigt mit \u201efit4future Kids\u201c, wie wichtig es ist, fr\u00fchzeitig in die\u00a0Gesundheit junger Menschen zu investieren und sie auf ihrem Weg in eine gesunde Zukunft<\/p>\n\n\t\t<style type=\"text\/css\">\n\t\t\t#gallery-1 {\n\t\t\t\tmargin: auto;\n\t\t\t}\n\t\t\t#gallery-1 .gallery-item {\n\t\t\t\tfloat: left;\n\t\t\t\tmargin-top: 10px;\n\t\t\t\ttext-align: center;\n\t\t\t\twidth: 33%;\n\t\t\t}\n\t\t\t#gallery-1 img {\n\t\t\t\tborder: 2px solid #cfcfcf;\n\t\t\t}\n\t\t\t#gallery-1 .gallery-caption {\n\t\t\t\tmargin-left: 0;\n\t\t\t}\n\t\t\t\/* see gallery_shortcode() in wp-includes\/media.php *\/\n\t\t<\/style>\n\t\t<div id='gallery-1' class='gallery galleryid-4167 gallery-columns-3 gallery-size-thumbnail'><dl class='gallery-item'>\n\t\t\t<dt class='gallery-icon landscape'>\n\t\t\t\t<a data-rel=\"iLightbox[postimages]\" data-title=\"Fit (2)\" data-caption=\"\" href='https:\/\/mosaik-holzendorf.de\/fit-2-3\/'><img decoding=\"async\" width=\"150\" height=\"150\" src=\"https:\/\/mosaik-holzendorf.de\/wp-content\/uploads\/2026\/03\/Fit-2-2-150x150.jpg\" class=\"attachment-thumbnail size-thumbnail\" alt=\"\" srcset=\"https:\/\/mosaik-holzendorf.de\/wp-content\/uploads\/2026\/03\/Fit-2-2-66x66.jpg 66w, https:\/\/mosaik-holzendorf.de\/wp-content\/uploads\/2026\/03\/Fit-2-2-150x150.jpg 150w\" sizes=\"(max-width: 150px) 100vw, 150px\" \/><\/a>\n\t\t\t<\/dt><\/dl><dl class='gallery-item'>\n\t\t\t<dt class='gallery-icon portrait'>\n\t\t\t\t<a data-rel=\"iLightbox[postimages]\" data-title=\"Fit (1)\" data-caption=\"\" href='https:\/\/mosaik-holzendorf.de\/fit-1-3\/'><img decoding=\"async\" width=\"150\" height=\"150\" src=\"https:\/\/mosaik-holzendorf.de\/wp-content\/uploads\/2026\/03\/Fit-1-2-150x150.jpg\" class=\"attachment-thumbnail size-thumbnail\" alt=\"\" srcset=\"https:\/\/mosaik-holzendorf.de\/wp-content\/uploads\/2026\/03\/Fit-1-2-66x66.jpg 66w, https:\/\/mosaik-holzendorf.de\/wp-content\/uploads\/2026\/03\/Fit-1-2-150x150.jpg 150w\" sizes=\"(max-width: 150px) 100vw, 150px\" \/><\/a>\n\t\t\t<\/dt><\/dl>\n\t\t\t<br style='clear: both' \/>\n\t\t<\/div>\n\n<p>zu unterst\u00fctzen.<\/p>\n","protected":false},"excerpt":{"rendered":"<p>fit4future Kids \u2013 wir machen Kinder fit f\u00fcr die Zukunft Die DAK-Gesundheit hat mit ihrem Programm \u201efit4future Kids\u201c ein innovatives Konzept zur Gesundheitsf\u00f6rderung in Schulen ins Leben gerufen. In diesem Jahr hat unsere Schule den\u00a0Zuschlag f\u00fcr die Umsetzung des Programms erhalten. Das Programm hilft dabei, Gesundheitsf\u00f6rderung in der Schule dauerhaft umzusetzen und einen gesunden Lebensraum f\u00fcr die Kinder zu schaffen. Es geht dabei um die folgenden vier Themenfelder: Psychische Gesundheit, Bewegung, Ern\u00e4hrung und Suchtpr\u00e4vention.\u00a0Was passiert bei fit4future Kids? Das Team \u201eGesunde Schule\u201c lernt, wie der fit4future-Prozess funktioniert. Sie k\u00f6nnen so die Themen, die f\u00fcr die Gesundheit wichtig sind, im Schulalltag verankern.\u00a0Durch <a href=\"https:\/\/mosaik-holzendorf.de\/index.php\/fit4future-kids-wir-machen-kinder-fit-fuer-die-zukunft\/\"> [&#8230;]<\/a><\/p>\n","protected":false},"author":5,"featured_media":0,"parent":0,"menu_order":0,"comment_status":"closed","ping_status":"closed","template":"","meta":{"footnotes":""},"class_list":["post-4167","page","type-page","status-publish","hentry"],"_links":{"self":[{"href":"https:\/\/mosaik-holzendorf.de\/index.php\/wp-json\/wp\/v2\/pages\/4167","targetHints":{"allow":["GET"]}}],"collection":[{"href":"https:\/\/mosaik-holzendorf.de\/index.php\/wp-json\/wp\/v2\/pages"}],"about":[{"href":"https:\/\/mosaik-holzendorf.de\/index.php\/wp-json\/wp\/v2\/types\/page"}],"author":[{"embeddable":true,"href":"https:\/\/mosaik-holzendorf.de\/index.php\/wp-json\/wp\/v2\/users\/5"}],"replies":[{"embeddable":true,"href":"https:\/\/mosaik-holzendorf.de\/index.php\/wp-json\/wp\/v2\/comments?post=4167"}],"version-history":[{"count":1,"href":"https:\/\/mosaik-holzendorf.de\/index.php\/wp-json\/wp\/v2\/pages\/4167\/revisions"}],"predecessor-version":[{"id":4169,"href":"https:\/\/mosaik-holzendorf.de\/index.php\/wp-json\/wp\/v2\/pages\/4167\/revisions\/4169"}],"wp:attachment":[{"href":"https:\/\/mosaik-holzendorf.de\/index.php\/wp-json\/wp\/v2\/media?parent=4167"}],"curies":[{"name":"wp","href":"https:\/\/api.w.org\/{rel}","templated":true}]}}