{"id":4148,"date":"2026-03-01T06:44:59","date_gmt":"2026-03-01T05:44:59","guid":{"rendered":"https:\/\/mosaik-holzendorf.de\/?page_id=4148"},"modified":"2026-03-01T06:44:59","modified_gmt":"2026-03-01T05:44:59","slug":"kinozauber-frueher-heute","status":"publish","type":"page","link":"https:\/\/mosaik-holzendorf.de\/index.php\/kinozauber-frueher-heute\/","title":{"rendered":"Kinozauber fr\u00fcher &#038; heute"},"content":{"rendered":"<p>Unsere Mittel\/Oberstufe der MOSAIK-Schule in Holzendorf f\u00fchrte in den vergangenen Wochen ein fach\u00fcbergreifendes Kinoprojekt durch, das sowohl spannende Recherchen als auch kreative Aufgaben umfasste. Im Bereich des Deutschunterrichts wurden Sprachans\u00e4tze zum Thema umgesetzt, Telefonate und Verabredungen ge\u00fcbt, L\u00fcckentexte bearbeitet, ein Elfchen kreiert und nat\u00fcrlich gelesen. In Mathe hie\u00df es \u201eKohle, Zaster, Knete\u201c, wobei die Sch\u00fcler und Sch\u00fclerinnen Preise verglichen, legten und berechneten. Au\u00dferdem gestalteten wir ein Daumenkino und \u00fcbten wie die \u201eStars\u201c, gleiche S\u00e4tze in verschiedenen Emotionen zu sprechen. Der H\u00f6hepunkt war der Schulkinotag am 13.11., wo wir uns im Cine-Star Neubrandenburg den Film \u201eAlles steht Kopf 2\u201c ansahen. Nach diesem Ausflug lie\u00df sich die Klasse jedoch noch etwas Besonderes einfallen. F\u00fcr die Sch\u00fcler und Sch\u00fclerinnen der Unterstufe wurde ein Kino \u201ewie fr\u00fcher\u201c organisiert. Daf\u00fcr wurde im Klassenzimmer ein eigener Kinosaal mit Platznummern eingerichtet, Eintrittskarten und Filmplakat am PC gestaltet und frisches Popcorn selbst hergestellt und verpackt. Alles war gut vorbereitet und jeder hatte seinen \u201eJob\u201c im \u201eMosti-Kino\u201c. Mit Hilfe eines alten Filmwerfers wurde schlie\u00dflich das M\u00e4rchen \u201eFrau Holle\u201c vorgef\u00fchrt. Die Begeisterung war gro\u00df, sowohl die kleinen G\u00e4ste als auch die Organisatoren waren stolz und zufrieden \u00fcber das gelungene Projekt, das moderne Medienarbeit mit historischen Einblicken verband.<\/p>\n\n\t\t<style type=\"text\/css\">\n\t\t\t#gallery-1 {\n\t\t\t\tmargin: auto;\n\t\t\t}\n\t\t\t#gallery-1 .gallery-item {\n\t\t\t\tfloat: left;\n\t\t\t\tmargin-top: 10px;\n\t\t\t\ttext-align: center;\n\t\t\t\twidth: 33%;\n\t\t\t}\n\t\t\t#gallery-1 img {\n\t\t\t\tborder: 2px solid #cfcfcf;\n\t\t\t}\n\t\t\t#gallery-1 .gallery-caption {\n\t\t\t\tmargin-left: 0;\n\t\t\t}\n\t\t\t\/* see gallery_shortcode() in wp-includes\/media.php *\/\n\t\t<\/style>\n\t\t<div id='gallery-1' class='gallery galleryid-4148 gallery-columns-3 gallery-size-thumbnail'><dl class='gallery-item'>\n\t\t\t<dt class='gallery-icon portrait'>\n\t\t\t\t<a data-rel=\"iLightbox[postimages]\" data-title=\"Kino (1)\" data-caption=\"\" href='https:\/\/mosaik-holzendorf.de\/kino-1\/'><img decoding=\"async\" width=\"150\" height=\"150\" src=\"https:\/\/mosaik-holzendorf.de\/wp-content\/uploads\/2026\/03\/Kino-1-150x150.jpg\" class=\"attachment-thumbnail size-thumbnail\" alt=\"\" srcset=\"https:\/\/mosaik-holzendorf.de\/wp-content\/uploads\/2026\/03\/Kino-1-66x66.jpg 66w, https:\/\/mosaik-holzendorf.de\/wp-content\/uploads\/2026\/03\/Kino-1-150x150.jpg 150w\" sizes=\"(max-width: 150px) 100vw, 150px\" \/><\/a>\n\t\t\t<\/dt><\/dl><dl class='gallery-item'>\n\t\t\t<dt class='gallery-icon portrait'>\n\t\t\t\t<a data-rel=\"iLightbox[postimages]\" data-title=\"Kino (2)\" data-caption=\"\" href='https:\/\/mosaik-holzendorf.de\/kino-2\/'><img decoding=\"async\" width=\"150\" height=\"150\" src=\"https:\/\/mosaik-holzendorf.de\/wp-content\/uploads\/2026\/03\/Kino-2-150x150.jpg\" class=\"attachment-thumbnail size-thumbnail\" alt=\"\" srcset=\"https:\/\/mosaik-holzendorf.de\/wp-content\/uploads\/2026\/03\/Kino-2-66x66.jpg 66w, https:\/\/mosaik-holzendorf.de\/wp-content\/uploads\/2026\/03\/Kino-2-150x150.jpg 150w\" sizes=\"(max-width: 150px) 100vw, 150px\" \/><\/a>\n\t\t\t<\/dt><\/dl>\n\t\t\t<br style='clear: both' \/>\n\t\t<\/div>\n\n","protected":false},"excerpt":{"rendered":"<p>Unsere Mittel\/Oberstufe der MOSAIK-Schule in Holzendorf f\u00fchrte in den vergangenen Wochen ein fach\u00fcbergreifendes Kinoprojekt durch, das sowohl spannende Recherchen als auch kreative Aufgaben umfasste. Im Bereich des Deutschunterrichts wurden Sprachans\u00e4tze zum Thema umgesetzt, Telefonate und Verabredungen ge\u00fcbt, L\u00fcckentexte bearbeitet, ein Elfchen kreiert und nat\u00fcrlich gelesen. In Mathe hie\u00df es \u201eKohle, Zaster, Knete\u201c, wobei die Sch\u00fcler und Sch\u00fclerinnen Preise verglichen, legten und berechneten. Au\u00dferdem gestalteten wir ein Daumenkino und \u00fcbten wie die \u201eStars\u201c, gleiche S\u00e4tze in verschiedenen Emotionen zu sprechen. Der H\u00f6hepunkt war der Schulkinotag am 13.11., wo wir uns im Cine-Star Neubrandenburg den Film \u201eAlles steht Kopf 2\u201c ansahen. Nach diesem <a href=\"https:\/\/mosaik-holzendorf.de\/index.php\/kinozauber-frueher-heute\/\"> [&#8230;]<\/a><\/p>\n","protected":false},"author":5,"featured_media":0,"parent":0,"menu_order":0,"comment_status":"closed","ping_status":"closed","template":"","meta":{"footnotes":""},"class_list":["post-4148","page","type-page","status-publish","hentry"],"_links":{"self":[{"href":"https:\/\/mosaik-holzendorf.de\/index.php\/wp-json\/wp\/v2\/pages\/4148","targetHints":{"allow":["GET"]}}],"collection":[{"href":"https:\/\/mosaik-holzendorf.de\/index.php\/wp-json\/wp\/v2\/pages"}],"about":[{"href":"https:\/\/mosaik-holzendorf.de\/index.php\/wp-json\/wp\/v2\/types\/page"}],"author":[{"embeddable":true,"href":"https:\/\/mosaik-holzendorf.de\/index.php\/wp-json\/wp\/v2\/users\/5"}],"replies":[{"embeddable":true,"href":"https:\/\/mosaik-holzendorf.de\/index.php\/wp-json\/wp\/v2\/comments?post=4148"}],"version-history":[{"count":1,"href":"https:\/\/mosaik-holzendorf.de\/index.php\/wp-json\/wp\/v2\/pages\/4148\/revisions"}],"predecessor-version":[{"id":4150,"href":"https:\/\/mosaik-holzendorf.de\/index.php\/wp-json\/wp\/v2\/pages\/4148\/revisions\/4150"}],"wp:attachment":[{"href":"https:\/\/mosaik-holzendorf.de\/index.php\/wp-json\/wp\/v2\/media?parent=4148"}],"curies":[{"name":"wp","href":"https:\/\/api.w.org\/{rel}","templated":true}]}}