{"id":3953,"date":"2025-03-06T21:57:50","date_gmt":"2025-03-06T20:57:50","guid":{"rendered":"https:\/\/mosaik-holzendorf.de\/?page_id=3953"},"modified":"2025-03-06T21:57:50","modified_gmt":"2025-03-06T20:57:50","slug":"dominos-pizza-neubrandenburg","status":"publish","type":"page","link":"https:\/\/mosaik-holzendorf.de\/index.php\/dominos-pizza-neubrandenburg\/","title":{"rendered":"Domino&#8217;s Pizza Neubrandenburg"},"content":{"rendered":"<p>19.02.2025 erlebten die Sch\u00fcler*innen der MOSAIK-Schule einen spannenden Besuch bei Domino&#8217;s Pizza in Neubrandenburg. Die Veranstaltung bot den Kindern die M\u00f6glichkeit, einen Blick hinter die Kulissen der Pizzaherstellung zu werfen und selbst aktiv zu werden. Die Veranstaltung war in drei Stationen aufgeteilt. An der ersten Station durften die Kinder lernen, wie man Pizzakartons faltet und die fertigen Pizzen einpackt. Die zweite Station war das Herzst\u00fcck des Besuchs: Die Kinder konnten ihre eigene Pizza herstellen. Mit frischen Zutaten und viel Kreativit\u00e4t gestalteten sie ihre individuellen Pizzen. An der dritten Station durften die Kinder Pizzateiglinge formen und ausrollen. Hier zeigte sich das handwerkliche Geschick der kleinen Pizzab\u00e4cker. Die Teilnehmer waren stolz darauf, selbst aktiv zu sein und ihre F\u00e4higkeiten auszuprobieren. Der Besuch bei Domino&#8217;s Pizza f\u00f6rderte nicht nur das Interesse an gesunder Ern\u00e4hrung und handwerklichem Geschick, sondern machte auch viel Spa\u00df. Die Sch\u00fcler*innen gingen mit einem gro\u00dfen L\u00e4cheln, begeistert von den neuen Erfahrungen und den leckeren Pizzen, die sie selbst kreiert hatten, nach Hause. Wir bedanken uns recht herzlich bei Frau Langkabel, die diesen Besuch in ihrem Betrieb m\u00f6glich gemacht hat.<\/p>\n\n\t\t<style type=\"text\/css\">\n\t\t\t#gallery-1 {\n\t\t\t\tmargin: auto;\n\t\t\t}\n\t\t\t#gallery-1 .gallery-item {\n\t\t\t\tfloat: left;\n\t\t\t\tmargin-top: 10px;\n\t\t\t\ttext-align: center;\n\t\t\t\twidth: 33%;\n\t\t\t}\n\t\t\t#gallery-1 img {\n\t\t\t\tborder: 2px solid #cfcfcf;\n\t\t\t}\n\t\t\t#gallery-1 .gallery-caption {\n\t\t\t\tmargin-left: 0;\n\t\t\t}\n\t\t\t\/* see gallery_shortcode() in wp-includes\/media.php *\/\n\t\t<\/style>\n\t\t<div id='gallery-1' class='gallery galleryid-3953 gallery-columns-3 gallery-size-thumbnail'><dl class='gallery-item'>\n\t\t\t<dt class='gallery-icon landscape'>\n\t\t\t\t<a data-rel=\"iLightbox[postimages]\" data-title=\"Dominos (6)\" data-caption=\"\" href='https:\/\/mosaik-holzendorf.de\/dominos-6\/'><img decoding=\"async\" width=\"150\" height=\"150\" src=\"https:\/\/mosaik-holzendorf.de\/wp-content\/uploads\/2025\/03\/Dominos-6-150x150.jpg\" class=\"attachment-thumbnail size-thumbnail\" alt=\"\" srcset=\"https:\/\/mosaik-holzendorf.de\/wp-content\/uploads\/2025\/03\/Dominos-6-66x66.jpg 66w, https:\/\/mosaik-holzendorf.de\/wp-content\/uploads\/2025\/03\/Dominos-6-150x150.jpg 150w\" sizes=\"(max-width: 150px) 100vw, 150px\" \/><\/a>\n\t\t\t<\/dt><\/dl><dl class='gallery-item'>\n\t\t\t<dt class='gallery-icon landscape'>\n\t\t\t\t<a data-rel=\"iLightbox[postimages]\" data-title=\"Dominos (4)\" data-caption=\"\" href='https:\/\/mosaik-holzendorf.de\/dominos-4\/'><img decoding=\"async\" width=\"150\" height=\"150\" src=\"https:\/\/mosaik-holzendorf.de\/wp-content\/uploads\/2025\/03\/Dominos-4-150x150.jpg\" class=\"attachment-thumbnail size-thumbnail\" alt=\"\" srcset=\"https:\/\/mosaik-holzendorf.de\/wp-content\/uploads\/2025\/03\/Dominos-4-66x66.jpg 66w, https:\/\/mosaik-holzendorf.de\/wp-content\/uploads\/2025\/03\/Dominos-4-150x150.jpg 150w\" sizes=\"(max-width: 150px) 100vw, 150px\" \/><\/a>\n\t\t\t<\/dt><\/dl><dl class='gallery-item'>\n\t\t\t<dt class='gallery-icon landscape'>\n\t\t\t\t<a data-rel=\"iLightbox[postimages]\" data-title=\"Dominos (3)\" data-caption=\"\" href='https:\/\/mosaik-holzendorf.de\/dominos-3\/'><img decoding=\"async\" width=\"150\" height=\"150\" src=\"https:\/\/mosaik-holzendorf.de\/wp-content\/uploads\/2025\/03\/Dominos-3-150x150.jpg\" class=\"attachment-thumbnail size-thumbnail\" alt=\"\" srcset=\"https:\/\/mosaik-holzendorf.de\/wp-content\/uploads\/2025\/03\/Dominos-3-66x66.jpg 66w, https:\/\/mosaik-holzendorf.de\/wp-content\/uploads\/2025\/03\/Dominos-3-150x150.jpg 150w\" sizes=\"(max-width: 150px) 100vw, 150px\" \/><\/a>\n\t\t\t<\/dt><\/dl><br style=\"clear: both\" \/><dl class='gallery-item'>\n\t\t\t<dt class='gallery-icon landscape'>\n\t\t\t\t<a data-rel=\"iLightbox[postimages]\" data-title=\"Dominos (2)\" data-caption=\"\" href='https:\/\/mosaik-holzendorf.de\/dominos-2\/'><img decoding=\"async\" width=\"150\" height=\"150\" src=\"https:\/\/mosaik-holzendorf.de\/wp-content\/uploads\/2025\/03\/Dominos-2-150x150.jpg\" class=\"attachment-thumbnail size-thumbnail\" alt=\"\" srcset=\"https:\/\/mosaik-holzendorf.de\/wp-content\/uploads\/2025\/03\/Dominos-2-66x66.jpg 66w, https:\/\/mosaik-holzendorf.de\/wp-content\/uploads\/2025\/03\/Dominos-2-150x150.jpg 150w\" sizes=\"(max-width: 150px) 100vw, 150px\" \/><\/a>\n\t\t\t<\/dt><\/dl><dl class='gallery-item'>\n\t\t\t<dt class='gallery-icon portrait'>\n\t\t\t\t<a data-rel=\"iLightbox[postimages]\" data-title=\"Dominos (1)\" data-caption=\"\" href='https:\/\/mosaik-holzendorf.de\/dominos-1\/'><img decoding=\"async\" width=\"150\" height=\"150\" src=\"https:\/\/mosaik-holzendorf.de\/wp-content\/uploads\/2025\/03\/Dominos-1-150x150.jpg\" class=\"attachment-thumbnail size-thumbnail\" alt=\"\" srcset=\"https:\/\/mosaik-holzendorf.de\/wp-content\/uploads\/2025\/03\/Dominos-1-66x66.jpg 66w, https:\/\/mosaik-holzendorf.de\/wp-content\/uploads\/2025\/03\/Dominos-1-150x150.jpg 150w\" sizes=\"(max-width: 150px) 100vw, 150px\" \/><\/a>\n\t\t\t<\/dt><\/dl>\n\t\t\t<br style='clear: both' \/>\n\t\t<\/div>\n\n","protected":false},"excerpt":{"rendered":"<p>19.02.2025 erlebten die Sch\u00fcler*innen der MOSAIK-Schule einen spannenden Besuch bei Domino&#8217;s Pizza in Neubrandenburg. Die Veranstaltung bot den Kindern die M\u00f6glichkeit, einen Blick hinter die Kulissen der Pizzaherstellung zu werfen und selbst aktiv zu werden. Die Veranstaltung war in drei Stationen aufgeteilt. An der ersten Station durften die Kinder lernen, wie man Pizzakartons faltet und die fertigen Pizzen einpackt. Die zweite Station war das Herzst\u00fcck des Besuchs: Die Kinder konnten ihre eigene Pizza herstellen. Mit frischen Zutaten und viel Kreativit\u00e4t gestalteten sie ihre individuellen Pizzen. An der dritten Station durften die Kinder Pizzateiglinge formen und ausrollen. Hier zeigte sich das handwerkliche <a href=\"https:\/\/mosaik-holzendorf.de\/index.php\/dominos-pizza-neubrandenburg\/\"> [&#8230;]<\/a><\/p>\n","protected":false},"author":5,"featured_media":0,"parent":0,"menu_order":0,"comment_status":"closed","ping_status":"closed","template":"","meta":{"footnotes":""},"class_list":["post-3953","page","type-page","status-publish","hentry"],"_links":{"self":[{"href":"https:\/\/mosaik-holzendorf.de\/index.php\/wp-json\/wp\/v2\/pages\/3953","targetHints":{"allow":["GET"]}}],"collection":[{"href":"https:\/\/mosaik-holzendorf.de\/index.php\/wp-json\/wp\/v2\/pages"}],"about":[{"href":"https:\/\/mosaik-holzendorf.de\/index.php\/wp-json\/wp\/v2\/types\/page"}],"author":[{"embeddable":true,"href":"https:\/\/mosaik-holzendorf.de\/index.php\/wp-json\/wp\/v2\/users\/5"}],"replies":[{"embeddable":true,"href":"https:\/\/mosaik-holzendorf.de\/index.php\/wp-json\/wp\/v2\/comments?post=3953"}],"version-history":[{"count":2,"href":"https:\/\/mosaik-holzendorf.de\/index.php\/wp-json\/wp\/v2\/pages\/3953\/revisions"}],"predecessor-version":[{"id":3972,"href":"https:\/\/mosaik-holzendorf.de\/index.php\/wp-json\/wp\/v2\/pages\/3953\/revisions\/3972"}],"wp:attachment":[{"href":"https:\/\/mosaik-holzendorf.de\/index.php\/wp-json\/wp\/v2\/media?parent=3953"}],"curies":[{"name":"wp","href":"https:\/\/api.w.org\/{rel}","templated":true}]}}